{"id":386,"date":"2018-09-07T11:48:11","date_gmt":"2018-09-07T09:48:11","guid":{"rendered":"http:\/\/altech-system.fr\/?page_id=386"},"modified":"2026-02-02T14:59:38","modified_gmt":"2026-02-02T13:59:38","slug":"mentions-legales","status":"publish","type":"page","link":"https:\/\/www.altech-system.fr\/%20\/mentions-legales\/","title":{"rendered":"Mentions l\u00e9gales"},"content":{"rendered":"<article class=\"row\">\n<div id=\"contenu\" class=\"contenu mw1180p center\">\n<ul>\n<li>Raison sociale : ALTECH<\/li>\n<li>Forme juridique : Soci\u00e9t\u00e9 \u00e0 responsabilit\u00e9 limit\u00e9e<\/li>\n<li>SIREN : 428 638 837<\/li>\n<li>SIRET : 42863883700024<\/li>\n<\/ul>\n<h2 class=\"h3-like\">1) Conditions d\u2019utilisation<\/h2>\n<p>L\u2019ensemble de ce site rel\u00e8ve de la l\u00e9gislation fran\u00e7aise et internationale sur le droit d\u2019auteur et la propri\u00e9t\u00e9 intellectuelle. Tous les droits de reproduction sont r\u00e9serv\u00e9s, y compris pour les documents t\u00e9l\u00e9chargeables et les repr\u00e9sentations iconographiques et photographiques. Le contenu est, sauf mention contraire, la propri\u00e9t\u00e9 de ALTECH et de Fiducial Y-Proximit\u00e9 \/ Ali\u00e9nor.net. La reproduction de tout ou partie de ce site, sous quelques formes que ce soit est interdite.<\/p>\n<h2 class=\"h3-like\">2) Protection des donn\u00e9es personnelles<\/h2>\n<p>Loi informatique et libert\u00e9 : le site fait l\u2019objet d\u2019une d\u00e9claration aupr\u00e8s de la Commission Nationale Informatique et Libert\u00e9. Vous disposez d\u2019un droit d\u2019acc\u00e8s, de modification, de rectification et de suppression des donn\u00e9es qui vous concernent\u00a0(Loi du 6 janvier 1978 Informatique et libert\u00e9). Pour l\u2019exercer, adressez vous \u00e0 : <strong>altech21@wanadoo.fr<\/strong><\/p>\n<h2 class=\"h3-like\">3) R\u00e9alisation<\/h2>\n<p>Ce site web a \u00e9t\u00e9 r\u00e9alis\u00e9 par la soci\u00e9t\u00e9 : Fiducial Y-Proximit\u00e9 \/ Ali\u00e9nor.net<\/p>\n<p>41 Rue Du Capitaine Guynemer 92400 Courbevoie<\/p>\n<h2 class=\"h3-like\">4) H\u00e9bergement<\/h2>\n<p>SARL\u00a0ALIENOR.NET\u00a0au capital social de 71 000 \u20ac<br \/>\nAdresse du si\u00e8ge social : 41 Rue Du Capitaine Guynemer 92400 Courbevoie<br \/>\nImmatricul\u00e9e au Registre du Commerce et des Soci\u00e9t\u00e9s de Nanterre sous le num\u00e9ro : B 423 856 343<br \/>\nSIRET : 42385634300037<br \/>\nN\u00b0 de TVA intracommunautaire : FR18423856343<br \/>\nT\u00e9l\u00e9phone : 05.56.69.64.64<\/p>\n<h2 class=\"h3-like\">5) Liens vers les sites de tierce-parties<\/h2>\n<p>Ce site web contient des liens vers d\u2019autres sites. L\u2019acc\u00e8s \u00e0 un site li\u00e9 \u00e0 notre site se fait aux risques et p\u00e9rils du visiteur ou de l\u2019utilisateur et Fiducial Y-Proximit\u00e9 \/ Ali\u00e9nor.net ou ALTECH ne sauraient \u00eatre tenus pour responsables des dommages, erreurs ou omissions pr\u00e9sents sur ces sites.<\/p>\n<h2 class=\"h3-like\">6) Acc\u00e8s \u00e0 des zones prot\u00e9g\u00e9es par un mot de passe<\/h2>\n<p>L\u2019acc\u00e8s \u00e0 des zones prot\u00e9g\u00e9es par un mot de passe est r\u00e9serv\u00e9 aux personnes autoris\u00e9es seulement.<\/p>\n<h2>7) Politique de confidentialit\u00e9<\/h2>\n<p>Conform\u00e9ment \u00e0 la loi \u00ab informatique et libert\u00e9 \u00bb du 6 janvier 1978 modifi\u00e9e et au R\u00e8glement europ\u00e9en n\u00b02016\/679\/UE du 27 avril 2016, vous b\u00e9n\u00e9ficiez d\u2019un droit d\u2019acc\u00e8s, d\u2019opposition, de rectification, de portabilit\u00e9 et d\u2019effacement de vos donn\u00e9es ou encore de limitation de traitement.<\/p>\n<p>Vous avez la possibilit\u00e9 de retirer votre consentement \u00e0 tout moment, sans porter atteinte \u00e0 la lic\u00e9it\u00e9 du traitement fond\u00e9 sur le consentement effectu\u00e9 avant le retrait de celui-ci.<\/p>\n<p>Vous pouvez exercer vos droits en contactant le responsable de traitement,\u00a0 \u00e0 l\u2019adresse suivante :<strong> altech21@wanadoo.fr<\/strong><\/p>\n<p>Pour toute information compl\u00e9mentaire ou r\u00e9clamation, vous pouvez contacter la Commission Nationale de l\u2019Informatique et des Libert\u00e9s (plus d\u2019informations sur <a href=\"http:\/\/www.cnil.fr\/\" target=\"_blank\" rel=\"noreferrer noopener\">www.cnil.fr<\/a>).<\/p>\n<\/div>\n<\/article>\n","protected":false},"excerpt":{"rendered":"<p>Raison sociale : ALTECH Forme juridique : Soci\u00e9t\u00e9 \u00e0 responsabilit\u00e9 limit\u00e9e SIREN : 428 638 837 SIRET : 42863883700024 1) Conditions d\u2019utilisation L\u2019ensemble de ce site rel\u00e8ve de la l\u00e9gislation fran\u00e7aise et internationale sur le droit d\u2019auteur et la propri\u00e9t\u00e9 intellectuelle. Tous les droits de reproduction sont r\u00e9serv\u00e9s, y compris pour les documents t\u00e9l\u00e9chargeables et [&hellip;]<\/p>\n","protected":false},"author":3,"featured_media":0,"parent":0,"menu_order":0,"comment_status":"closed","ping_status":"closed","template":"","meta":{"_acf_changed":false,"_exactmetrics_skip_tracking":false,"_exactmetrics_sitenote_active":false,"_exactmetrics_sitenote_note":"","_exactmetrics_sitenote_category":0,"footnotes":""},"class_list":["post-386","page","type-page","status-publish","hentry"],"acf":[],"aioseo_notices":[],"_links":{"self":[{"href":"https:\/\/www.altech-system.fr\/%20\/wp-json\/wp\/v2\/pages\/386","targetHints":{"allow":["GET"]}}],"collection":[{"href":"https:\/\/www.altech-system.fr\/%20\/wp-json\/wp\/v2\/pages"}],"about":[{"href":"https:\/\/www.altech-system.fr\/%20\/wp-json\/wp\/v2\/types\/page"}],"author":[{"embeddable":true,"href":"https:\/\/www.altech-system.fr\/%20\/wp-json\/wp\/v2\/users\/3"}],"replies":[{"embeddable":true,"href":"https:\/\/www.altech-system.fr\/%20\/wp-json\/wp\/v2\/comments?post=386"}],"version-history":[{"count":5,"href":"https:\/\/www.altech-system.fr\/%20\/wp-json\/wp\/v2\/pages\/386\/revisions"}],"predecessor-version":[{"id":595,"href":"https:\/\/www.altech-system.fr\/%20\/wp-json\/wp\/v2\/pages\/386\/revisions\/595"}],"wp:attachment":[{"href":"https:\/\/www.altech-system.fr\/%20\/wp-json\/wp\/v2\/media?parent=386"}],"curies":[{"name":"wp","href":"https:\/\/api.w.org\/{rel}","templated":true}]}}