{"id":358,"date":"2018-09-07T10:32:19","date_gmt":"2018-09-07T08:32:19","guid":{"rendered":"http:\/\/altech-system.fr\/?page_id=358"},"modified":"2018-09-07T13:55:37","modified_gmt":"2018-09-07T11:55:37","slug":"altech-system","status":"publish","type":"page","link":"https:\/\/www.altech-system.fr\/%20\/altech-system\/","title":{"rendered":"Altech System"},"content":{"rendered":"<p>Confiez votre s\u00e9curit\u00e9 \u00e0 Altech-System, membre du r\u00e9seau PROX\u00c9O.<\/p>\n<p>Forts de plus de 25 ans d\u2019exp\u00e9rience, nous sommes des sp\u00e9cialistes reconnus dans le domaine de la s\u00e9curit\u00e9 et de la protection physique ou \u00e9lectronique des biens et des personnes. Pour vous, c\u2019est l\u2019assurance de b\u00e9n\u00e9ficier de technologies hautes performances et des conseils de professionnels \u00e0 votre service.<\/p>\n<p>Enti\u00e8rement d\u00e9di\u00e9 \u00e0 la tranquillit\u00e9 de votre personnel et \u00e0 la protection de vos biens, PROXEO, r\u00e9seau officiel du fabriquant d\u2019alarmes DAITEM est le premier r\u00e9seau national de distribution et d\u2019installation de solutions globales de s\u00e9curit\u00e9. ALTECH-system b\u00e9n\u00e9ficie ainsi du savoir faire et de l\u2019esprit d\u2019innovation de tous ses partenaires.<\/p>\n<p>Nous assurons une prestation de qualit\u00e9 avec de grandes marques et des produits certifi\u00e9s NFA2P : DAITEM, AIPHONE, SONY, BANDIT, GYPASS, DIERRE, CHUBBSAFES\u2026<\/p>\n<p>Professionnels de proximit\u00e9, nous mettons nos comp\u00e9tences au service de vos exigences.<\/p>\n<h3>Pour s\u00e9curiser votre entreprise, Altech-System vous propose un ensemble complet d\u2019\u00e9quipements :<\/h3>\n<p>\u2022 Prot\u00e9gez-vous avec nos syst\u00e8mes d\u2019alarme radio sans fil ou filaires NFA2P<\/p>\n<p>\u2022 d\u00e9tectez les intrus avant toute effraction gr\u00e2ce aux d\u00e9tecteurs de mouvement ext\u00e9rieurs et nos barri\u00e8res infrarouge<\/p>\n<p>\u2022 Optez pour nos solutions de vid\u00e9o protection iP Haute d\u00e9finition<\/p>\n<p>\u2022 Choisissez la tranquillit\u00e9 avec nos solutions de t\u00e9l\u00e9surveillance \u00e0 distance<\/p>\n<p>\u2022 Identifiez et filtrez vos visiteurs avec nos solutions de contr\u00f4les d\u2019acc\u00e8s&#8230;<\/p>\n","protected":false},"excerpt":{"rendered":"<p>Confiez votre s\u00e9curit\u00e9 \u00e0 Altech-System, membre du r\u00e9seau PROX\u00c9O. Forts de plus de 25 ans d\u2019exp\u00e9rience, nous sommes des sp\u00e9cialistes reconnus dans le domaine de la s\u00e9curit\u00e9 et de la protection physique ou \u00e9lectronique des biens et des personnes. Pour vous, c\u2019est l\u2019assurance de b\u00e9n\u00e9ficier de technologies hautes performances et des conseils de professionnels \u00e0 [&hellip;]<\/p>\n","protected":false},"author":3,"featured_media":0,"parent":0,"menu_order":0,"comment_status":"closed","ping_status":"closed","template":"template-nos-produits.php","meta":{"_acf_changed":false,"_exactmetrics_skip_tracking":false,"_exactmetrics_sitenote_active":false,"_exactmetrics_sitenote_note":"","_exactmetrics_sitenote_category":0,"footnotes":""},"class_list":["post-358","page","type-page","status-publish","hentry"],"acf":[],"aioseo_notices":[],"_links":{"self":[{"href":"https:\/\/www.altech-system.fr\/%20\/wp-json\/wp\/v2\/pages\/358","targetHints":{"allow":["GET"]}}],"collection":[{"href":"https:\/\/www.altech-system.fr\/%20\/wp-json\/wp\/v2\/pages"}],"about":[{"href":"https:\/\/www.altech-system.fr\/%20\/wp-json\/wp\/v2\/types\/page"}],"author":[{"embeddable":true,"href":"https:\/\/www.altech-system.fr\/%20\/wp-json\/wp\/v2\/users\/3"}],"replies":[{"embeddable":true,"href":"https:\/\/www.altech-system.fr\/%20\/wp-json\/wp\/v2\/comments?post=358"}],"version-history":[{"count":5,"href":"https:\/\/www.altech-system.fr\/%20\/wp-json\/wp\/v2\/pages\/358\/revisions"}],"predecessor-version":[{"id":389,"href":"https:\/\/www.altech-system.fr\/%20\/wp-json\/wp\/v2\/pages\/358\/revisions\/389"}],"wp:attachment":[{"href":"https:\/\/www.altech-system.fr\/%20\/wp-json\/wp\/v2\/media?parent=358"}],"curies":[{"name":"wp","href":"https:\/\/api.w.org\/{rel}","templated":true}]}}