{"id":256,"date":"2018-07-27T16:24:07","date_gmt":"2018-07-27T14:24:07","guid":{"rendered":"http:\/\/proxeo-dev-2.proxeo.wordpress.vm\/?page_id=256"},"modified":"2018-09-07T13:16:03","modified_gmt":"2018-09-07T11:16:03","slug":"nos-produits","status":"publish","type":"page","link":"https:\/\/www.altech-system.fr\/%20\/nos-produits\/","title":{"rendered":"Nos produits"},"content":{"rendered":"<p style=\"text-align: center;\">\u00a0La soci\u00e9t\u00e9 Altech-System, sp\u00e9cialiste reconnu dans le domaine de la s\u00e9curit\u00e9 et de la protection physique et \u00e9lectronique des biens et des personnes. Pour vous, c&rsquo;est l&rsquo;assurance de b\u00e9n\u00e9ficier de technologies de hautes performances et des conseils de professionnels \u00e0 votre service :<\/p>\n","protected":false},"excerpt":{"rendered":"<p>\u00a0La soci\u00e9t\u00e9 Altech-System, sp\u00e9cialiste reconnu dans le domaine de la s\u00e9curit\u00e9 et de la protection physique et \u00e9lectronique des biens et des personnes. Pour vous, c&rsquo;est l&rsquo;assurance de b\u00e9n\u00e9ficier de technologies de hautes performances et des conseils de professionnels \u00e0 votre service :<\/p>\n","protected":false},"author":1,"featured_media":0,"parent":0,"menu_order":0,"comment_status":"closed","ping_status":"closed","template":"template-nos-produits.php","meta":{"_acf_changed":false,"_exactmetrics_skip_tracking":false,"_exactmetrics_sitenote_active":false,"_exactmetrics_sitenote_note":"","_exactmetrics_sitenote_category":0,"footnotes":""},"class_list":["post-256","page","type-page","status-publish","hentry"],"acf":[],"aioseo_notices":[],"_links":{"self":[{"href":"https:\/\/www.altech-system.fr\/%20\/wp-json\/wp\/v2\/pages\/256","targetHints":{"allow":["GET"]}}],"collection":[{"href":"https:\/\/www.altech-system.fr\/%20\/wp-json\/wp\/v2\/pages"}],"about":[{"href":"https:\/\/www.altech-system.fr\/%20\/wp-json\/wp\/v2\/types\/page"}],"author":[{"embeddable":true,"href":"https:\/\/www.altech-system.fr\/%20\/wp-json\/wp\/v2\/users\/1"}],"replies":[{"embeddable":true,"href":"https:\/\/www.altech-system.fr\/%20\/wp-json\/wp\/v2\/comments?post=256"}],"version-history":[{"count":3,"href":"https:\/\/www.altech-system.fr\/%20\/wp-json\/wp\/v2\/pages\/256\/revisions"}],"predecessor-version":[{"id":390,"href":"https:\/\/www.altech-system.fr\/%20\/wp-json\/wp\/v2\/pages\/256\/revisions\/390"}],"wp:attachment":[{"href":"https:\/\/www.altech-system.fr\/%20\/wp-json\/wp\/v2\/media?parent=256"}],"curies":[{"name":"wp","href":"https:\/\/api.w.org\/{rel}","templated":true}]}}